{"id":8538,"date":"2022-05-02T19:19:30","date_gmt":"2022-05-03T02:19:30","guid":{"rendered":"https:\/\/denalinp.com\/?post_type=product&#038;p=8538"},"modified":"2023-01-11T17:46:34","modified_gmt":"2023-01-12T01:46:34","slug":"kaseha-silver","status":"publish","type":"product","link":"https:\/\/denalinp.com\/es\/producto\/kaseha-silver\/","title":{"rendered":"Kase Ha Silver"},"content":{"rendered":"","protected":false},"excerpt":{"rendered":"<p>La pomada t\u00f3pica natural para el alivio del dolor que le ayuda a conseguir m\u00e1s comodidad, flexibilidad y felicidad cada d\u00eda.<\/p>\n<p><strong>Contenido: 4 Oz. (120 gr.)<\/strong><\/p>","protected":false},"featured_media":11346,"template":"","meta":[],"product_brand":[],"product_cat":[51],"product_tag":[],"class_list":{"0":"post-8538","1":"product","2":"type-product","3":"status-publish","4":"has-post-thumbnail","6":"product_cat-ointments","8":"first","9":"instock","10":"sale","11":"taxable","12":"shipping-taxable","13":"purchasable","14":"product-type-simple"},"aioseo_notices":[],"jetpack_sharing_enabled":true,"_links":{"self":[{"href":"https:\/\/denalinp.com\/es\/wp-json\/wp\/v2\/product\/8538","targetHints":{"allow":["GET"]}}],"collection":[{"href":"https:\/\/denalinp.com\/es\/wp-json\/wp\/v2\/product"}],"about":[{"href":"https:\/\/denalinp.com\/es\/wp-json\/wp\/v2\/types\/product"}],"wp:featuredmedia":[{"embeddable":true,"href":"https:\/\/denalinp.com\/es\/wp-json\/wp\/v2\/media\/11346"}],"wp:attachment":[{"href":"https:\/\/denalinp.com\/es\/wp-json\/wp\/v2\/media?parent=8538"}],"wp:term":[{"taxonomy":"product_brand","embeddable":true,"href":"https:\/\/denalinp.com\/es\/wp-json\/wp\/v2\/product_brand?post=8538"},{"taxonomy":"product_cat","embeddable":true,"href":"https:\/\/denalinp.com\/es\/wp-json\/wp\/v2\/product_cat?post=8538"},{"taxonomy":"product_tag","embeddable":true,"href":"https:\/\/denalinp.com\/es\/wp-json\/wp\/v2\/product_tag?post=8538"}],"curies":[{"name":"wp","href":"https:\/\/api.w.org\/{rel}","templated":true}]}}