{"id":616,"date":"2018-05-16T13:15:23","date_gmt":"2018-05-16T20:15:23","guid":{"rendered":"https:\/\/themedemo.commercegurus.com\/shoptimizer\/?post_type=product&#038;p=616"},"modified":"2023-03-21T22:55:50","modified_gmt":"2023-03-22T05:55:50","slug":"dermesels","status":"publish","type":"product","link":"https:\/\/denalinp.com\/es\/producto\/dermesels\/","title":{"rendered":"Dermesels"},"content":{"rendered":"<div class=\"wp-block-columns are-vertically-aligned-center is-layout-flex wp-container-core-columns-is-layout-28f84493 wp-block-columns-is-layout-flex\">\n<div class=\"wp-block-column is-vertically-aligned-center is-layout-flow wp-block-column-is-layout-flow\">\n<p class=\"title has-text-color\" style=\"color:#131315\"><strong>TODO NATURAL<\/strong><\/p>\n\n\n\n<h2 class=\"wp-block-heading\">Ingredientes de primera calidad<\/h2>\n\n\n\n<p>Los ingredientes naturales de nuestros productos brindan protecci\u00f3n y cuidado a su piel, lo que mejora su salud y la del mundo que lo rodea.<\/p>\n<\/div>\n\n\n\n<div class=\"wp-block-column is-vertically-aligned-center is-layout-flow wp-block-column-is-layout-flow\" style=\"flex-basis:60%\">\n<figure class=\"wp-block-image size-full\"><img fetchpriority=\"high\" decoding=\"async\" width=\"1024\" height=\"663\" src=\"https:\/\/denalinp.com\/wp-content\/uploads\/2018\/05\/natural1-min.jpg\" alt=\"\" class=\"wp-image-7169\" srcset=\"https:\/\/denalinp.com\/wp-content\/uploads\/2018\/05\/natural1-min.jpg 1024w, https:\/\/denalinp.com\/wp-content\/uploads\/2018\/05\/natural1-min-300x194.jpg 300w, https:\/\/denalinp.com\/wp-content\/uploads\/2018\/05\/natural1-min-150x97.jpg 150w, https:\/\/denalinp.com\/wp-content\/uploads\/2018\/05\/natural1-min-800x518.jpg 800w, https:\/\/denalinp.com\/wp-content\/uploads\/2018\/05\/natural1-min-768x497.jpg 768w, https:\/\/denalinp.com\/wp-content\/uploads\/2018\/05\/natural1-min-990x641.jpg 990w, https:\/\/denalinp.com\/wp-content\/uploads\/2018\/05\/natural1-min-441x286.jpg 441w\" sizes=\"(max-width: 1024px) 100vw, 1024px\" \/><\/figure>\n\n\n\n<p><\/p>\n<\/div>\n<\/div>\n\n\n\n<div style=\"height:30px\" aria-hidden=\"true\" class=\"wp-block-spacer\"><\/div>\n\n\n\n<div class=\"wp-block-columns are-vertically-aligned-center is-layout-flex wp-container-core-columns-is-layout-28f84493 wp-block-columns-is-layout-flex\">\n<div class=\"wp-block-column is-vertically-aligned-center is-layout-flow wp-block-column-is-layout-flow\">\n<figure class=\"wp-block-image size-full\"><img decoding=\"async\" width=\"1024\" height=\"663\" src=\"https:\/\/denalinp.com\/wp-content\/uploads\/2018\/05\/natural2-min.jpg\" alt=\"\" class=\"wp-image-7170\" srcset=\"https:\/\/denalinp.com\/wp-content\/uploads\/2018\/05\/natural2-min.jpg 1024w, https:\/\/denalinp.com\/wp-content\/uploads\/2018\/05\/natural2-min-300x194.jpg 300w, https:\/\/denalinp.com\/wp-content\/uploads\/2018\/05\/natural2-min-150x97.jpg 150w, https:\/\/denalinp.com\/wp-content\/uploads\/2018\/05\/natural2-min-800x518.jpg 800w, https:\/\/denalinp.com\/wp-content\/uploads\/2018\/05\/natural2-min-768x497.jpg 768w, https:\/\/denalinp.com\/wp-content\/uploads\/2018\/05\/natural2-min-990x641.jpg 990w, https:\/\/denalinp.com\/wp-content\/uploads\/2018\/05\/natural2-min-441x286.jpg 441w\" sizes=\"(max-width: 1024px) 100vw, 1024px\" \/><\/figure>\n<\/div>\n\n\n\n<div class=\"wp-block-column is-vertically-aligned-center is-layout-flow wp-block-column-is-layout-flow\" style=\"flex-basis:40%\">\n<p class=\"title has-text-color\" style=\"color:#131315\"><strong>LOS M\u00c1S ALTOS EST\u00c1NDARES<\/strong><\/p>\n\n\n\n<h2 class=\"wp-block-heading\">Totalmente probado<\/h2>\n\n\n\n<p>Todos nuestros productos son fabricados con los m\u00e1s altos est\u00e1ndares de calidad, al adquirir cualquiera de nuestros productos puedes estar seguro que est\u00e1s adquiriendo un producto de alta calidad.<\/p>\n<\/div>\n<\/div>","protected":false},"excerpt":{"rendered":"<p>La mejor sal exfoliante para la regeneraci\u00f3n de las c\u00e9lulas de la piel y la microcirculaci\u00f3n sangu\u00ednea superficial.<\/p>","protected":false},"featured_media":18932,"template":"","meta":[],"product_brand":[],"product_cat":[52],"product_tag":[54],"class_list":{"0":"post-616","1":"product","2":"type-product","3":"status-publish","4":"has-post-thumbnail","6":"product_cat-exfoliating","7":"product_tag-skin-care","9":"first","10":"instock","11":"sale","12":"taxable","13":"shipping-taxable","14":"purchasable","15":"product-type-simple"},"aioseo_notices":[],"jetpack_sharing_enabled":false,"_links":{"self":[{"href":"https:\/\/denalinp.com\/es\/wp-json\/wp\/v2\/product\/616","targetHints":{"allow":["GET"]}}],"collection":[{"href":"https:\/\/denalinp.com\/es\/wp-json\/wp\/v2\/product"}],"about":[{"href":"https:\/\/denalinp.com\/es\/wp-json\/wp\/v2\/types\/product"}],"wp:featuredmedia":[{"embeddable":true,"href":"https:\/\/denalinp.com\/es\/wp-json\/wp\/v2\/media\/18932"}],"wp:attachment":[{"href":"https:\/\/denalinp.com\/es\/wp-json\/wp\/v2\/media?parent=616"}],"wp:term":[{"taxonomy":"product_brand","embeddable":true,"href":"https:\/\/denalinp.com\/es\/wp-json\/wp\/v2\/product_brand?post=616"},{"taxonomy":"product_cat","embeddable":true,"href":"https:\/\/denalinp.com\/es\/wp-json\/wp\/v2\/product_cat?post=616"},{"taxonomy":"product_tag","embeddable":true,"href":"https:\/\/denalinp.com\/es\/wp-json\/wp\/v2\/product_tag?post=616"}],"curies":[{"name":"wp","href":"https:\/\/api.w.org\/{rel}","templated":true}]}}